{"id":63280,"date":"2021-09-07T14:26:05","date_gmt":"2021-09-07T13:26:05","guid":{"rendered":"https:\/\/dev.easyprof.com\/politica-de-privacidad\/"},"modified":"2021-10-18T17:03:47","modified_gmt":"2021-10-18T16:03:47","slug":"politica-de-privacidad","status":"publish","type":"page","link":"https:\/\/sign.easyprof.com\/es\/politica-de-privacidad\/","title":{"rendered":"Pol\u00edtica de privacidad"},"content":{"rendered":"\t\t<div data-elementor-type=\"wp-page\" data-elementor-id=\"63280\" class=\"elementor elementor-63280 elementor-63074\" data-elementor-post-type=\"page\">\n\t\t\t\t\t\t<section class=\"elementor-section elementor-top-section elementor-element elementor-element-8fea381 elementor-section-boxed elementor-section-height-default elementor-section-height-default\" data-id=\"8fea381\" data-element_type=\"section\">\n\t\t\t\t\t\t<div class=\"elementor-container elementor-column-gap-default\">\n\t\t\t\t\t<div class=\"elementor-column elementor-col-100 elementor-top-column elementor-element elementor-element-123bb836\" data-id=\"123bb836\" data-element_type=\"column\">\n\t\t\t<div class=\"elementor-widget-wrap elementor-element-populated\">\n\t\t\t\t\t\t<div class=\"elementor-element elementor-element-2195376f elementor-widget elementor-widget-text-editor\" data-id=\"2195376f\" data-element_type=\"widget\" data-widget_type=\"text-editor.default\">\n\t\t\t\t<div class=\"elementor-widget-container\">\n\t\t\t\t\t\t\t\t\t<p>Innovative Training Academy SAS (\u00abnosotros\u00bb o \u00abnuestro\u00bb) opera el sitio web www.easyprof.com (el \u00abServicio\u00bb).<\/p>\n<p>Esta p\u00e1gina te informa de nuestras pol\u00edticas relativas a la recopilaci\u00f3n, el uso y la divulgaci\u00f3n de datos personales cuando utilizas nuestro Servicio y las opciones que tiene asociadas a esos datos. Esta pol\u00edtica de privacidad de Innovative Training Academy SAS es impulsada por FreePrivacyPolicy.com.<\/p>\n<p>Utilizamos tus datos para proporcionar y mejorar el Servicio. Al utilizar el Servicio, aceptas la recopilaci\u00f3n y el uso de la informaci\u00f3n de acuerdo con esta pol\u00edtica. A menos que se defina de otro modo en esta pol\u00edtica de privacidad, los t\u00e9rminos utilizados en esta pol\u00edtica de privacidad tienen el mismo significado que en nuestros T\u00e9rminos y Condiciones, accesibles desde www.easyprof.com.<\/p>\n<h2>INFORMACI\u00d3N<\/h2>\n<h2>RECOGIDA Y USO<\/h2>\n<p>Recogemos varios tipos de informaci\u00f3n con diversos fines para proporcionarte y mejorar nuestro Servicio.<\/p>\n<h3>TIPOS DE DATOS RECOGIDOS<\/h3>\n<p><strong>DATOS PERSONALES<\/strong><\/p>\n<p>Al utilizar nuestro Servicio, es posible que te pidamos que nos proporciones cierta informaci\u00f3n de identificaci\u00f3n personal que pueda utilizarse para ponerse en contacto contigo o identificarte (\u00abDatos personales\u00bb). La informaci\u00f3n personal identificable puede incluir, pero no est\u00e1 limitada a:<\/p>\n<ul>\n<li>Direcci\u00f3n de correo electr\u00f3nico\u00e7<\/li>\n<li>Nombre y apellidos<\/li>\n<li>N\u00famero de tel\u00e9fono<\/li>\n<li>Direcci\u00f3n, Estado, Provincia, C\u00f3digo postal, Ciudad<\/li>\n<li>Cookies y datos de uso<\/li>\n<\/ul>\n<p><strong>DATOS DE USO<\/strong><br \/>\nTambi\u00e9n podemos recopilar informaci\u00f3n sobre c\u00f3mo se accede y se utiliza el Servicio (\u00abDatos de uso\u00bb). Estos datos de uso pueden incluir informaci\u00f3n como la direcci\u00f3n de protocolo de Internet de tu ordenador (por ejemplo, la direcci\u00f3n IP), el tipo de navegador, la versi\u00f3n del navegador, las p\u00e1ginas de nuestro Servicio que visitas, la hora y la fecha de tu visita, el tiempo que pasas en esas p\u00e1ginas, los identificadores \u00fanicos de los dispositivos y otros datos de diagn\u00f3stico.<\/p>\n<p><strong>DATOS DE SEGUIMIENTO Y COOKIES<\/strong><br \/>\nUtilizamos cookies y tecnolog\u00edas de seguimiento similares para rastrear la actividad en nuestro Servicio y conservar cierta informaci\u00f3n.<\/p>\n<p>Las cookies son archivos con una peque\u00f1a cantidad de datos que pueden incluir un identificador \u00fanico an\u00f3nimo. Las cookies se env\u00edan a tu navegador desde un sitio web y se almacenan en tu dispositivo. Las tecnolog\u00edas de seguimiento tambi\u00e9n se utilizan como balizas, etiquetas y scripts para recoger y rastrear informaci\u00f3n y para mejorar y analizar nuestro Servicio.<\/p>\n<p>Puedes indicar a tu navegador que rechace todas las cookies o que te indique cu\u00e1ndo se env\u00eda una cookie. Sin embargo, si no aceptas las cookies, es posible que no puedas utilizar algunas partes de nuestro Servicio.<\/p>\n<p>Ejemplos de cookies que utilizamos:<\/p>\n<ul>\n<li><strong>Cookies de sesi\u00f3n<\/strong>. Utilizamos cookies de sesi\u00f3n para el funcionamiento de nuestro Servicio.<\/li>\n<li><strong>Cookies de preferencia<\/strong>. Utilizamos cookies de preferencia para recordar sus preferencias y diversos ajustes.<\/li>\n<li><strong>Cookies de seguridad<\/strong>. Utilizamos Cookies de Seguridad con fines de seguridad.<\/li>\n<\/ul>\n<h2>USO DE LOS DATOS<\/h2>\n<p>Innovative Training Academy SAS utiliza los datos recogidos para diversos fines:<\/p>\n<ul>\n<li>Para proporcionar y mantener el Servicio<\/li>\n<li>Para notificarle sobre los cambios en nuestro Servicio<\/li>\n<li>Para permitirle participar en las funciones interactivas de nuestro Servicio cuando decida hacerlo<\/li>\n<li>Para proporcionar atenci\u00f3n al cliente y soporte t\u00e9cnico<\/li>\n<li>Para proporcionar an\u00e1lisis o informaci\u00f3n valiosa para que podamos mejorar el Servicio<\/li>\n<li>Para controlar el uso del Servicio<\/li>\n<li>Para detectar, prevenir y solucionar problemas t\u00e9cnicos<\/li>\n<\/ul>\n<p>&nbsp;<\/p>\n<h2>TRANSFERENCIA DE DATOS<\/h2>\n<p>Tu informaci\u00f3n, incluyendo los Datos Personales, puede ser transferida a &#8211; y mantenida en &#8211; ordenadores situados fuera de tu estado, provincia, pa\u00eds u otra jurisdicci\u00f3n gubernamental donde las leyes de protecci\u00f3n de datos pueden diferir de las de tu jurisdicci\u00f3n.<\/p>\n<p>Si te encuentras fuera de Francia y decides proporcionarnos informaci\u00f3n, ten en cuenta que transferimos los datos, incluidos los datos personales, a Francia y los procesamos all\u00ed.<\/p>\n<p>Tu consentimiento a esta pol\u00edtica de privacidad, seguido del env\u00edo de dicha informaci\u00f3n, representa tu acuerdo con dicha transferencia.<\/p>\n<p>Innovative Training Academy SAS tomar\u00e1 todas las medidas razonablemente necesarias para garantizar que tus datos sean tratados de forma segura y de acuerdo con esta Pol\u00edtica de Privacidad y no se llevar\u00e1 a cabo ninguna transferencia de sus Datos Personales a una organizaci\u00f3n o un pa\u00eds a menos que haya controles adecuados que incluyan la seguridad de tus datos y otra informaci\u00f3n personal.<\/p>\n<h2><strong>DIVULGACI\u00d3N DE DATOS<\/strong><\/h2>\n<h3>\nREQUISITOS LEGALES<\/h3>\n<p>Innovative Training Academy SAS puede revelar tus Datos Personales si cree de buena fe que dicha acci\u00f3n es necesaria para:<\/p>\n<ul>\n<li>Cumplir con una obligaci\u00f3n legal<\/li>\n<li>Para proteger y defender los derechos o la propiedad de Innovative Training Academy SAS<\/li>\n<li>Para prevenir o investigar posibles infracciones en relaci\u00f3n con el Servicio<\/li>\n<li>Para proteger la seguridad personal de los usuarios del Servicio o del p\u00fablico<\/li>\n<li>Para protegerse de la responsabilidad legal<\/li>\n<\/ul>\n<h2>SEGURIDAD DE LOS DATOS<\/h2>\n<p>La seguridad de tus datos es importante para nosotros, pero recuerda que ning\u00fan m\u00e9todo de transmisi\u00f3n por Internet, o m\u00e9todo de almacenamiento electr\u00f3nico es 100% seguro. Aunque nos esforzamos por utilizar medios comercialmente aceptables para proteger tus datos personales, no podemos garantizar su seguridad absoluta.<\/p>\n<h2>PROVEEDORES DE SERVICIOS<\/h2>\n<p>Podemos emplear a terceras empresas e individuos para facilitar nuestro Servicio (\u00abProveedores de Servicios\u00bb), para proporcionar el Servicio en nuestro nombre, para realizar servicios relacionados con el Servicio o para ayudarnos a analizar c\u00f3mo se utiliza nuestro Servicio.<\/p>\n<p>Estos terceros tienen acceso a tus Datos Personales \u00fanicamente para realizar estas tareas en nuestro nombre y est\u00e1n obligados a no revelarlos ni utilizarlos para ning\u00fan otro fin.<\/p>\n<h3>AN\u00c1LISIS<\/h3>\n<p>Podemos utilizar proveedores de servicios de terceros para supervisar y analizar el uso de nuestro Servicio.<\/p>\n<ul>\n<li><strong>Google Analytics:<\/strong> Google Analytics es un servicio de an\u00e1lisis web ofrecido por Google que rastrea e informa sobre el tr\u00e1fico del sitio web. Google utiliza los datos recopilados para rastrear y supervisar el uso de nuestro Servicio. Estos datos se comparten con otros servicios de Google. Google puede utilizar los datos recopilados para contextualizar y personalizar los anuncios de su propia red publicitaria. Puedes optar por no poner tu actividad en el Servicio a disposici\u00f3n de Google Analytics instalando el complemento de inhabilitaci\u00f3n para navegadores de Google Analytics. El complemento impide que el JavaScript de Google Analytics (ga.js, analytics.js y dc.js) comparta informaci\u00f3n con Google Analytics sobre la actividad de las visitas.<br \/>\nPara obtener m\u00e1s informaci\u00f3n sobre las pr\u00e1cticas de privacidad de Google, visite la p\u00e1gina web de privacidad y condiciones de Google: https:\/\/policies.google.com\/privacy?hl=en<\/li>\n<\/ul>\n<h2>ENLACES A OTROS SITIOS<\/h2>\n<p>Nuestro Servicio puede contener enlaces a otros sitios que no son operados por nosotros. Si haces clic en un enlace de un tercero, ser\u00e1s dirigido al sitio de ese tercero. Te recomendamos encarecidamente que revises la pol\u00edtica de privacidad de cada sitio que visites.<\/p>\n<p>No tenemos ning\u00fan control ni asumimos ninguna responsabilidad por el contenido, las pol\u00edticas de privacidad o las pr\u00e1cticas de los sitios o servicios de terceros.<\/p>\n<h2>PRIVACIDAD DE LOS NI\u00d1OS<\/h2>\n<p>Nuestro Servicio no se dirige a menores de 18 a\u00f1os (\u00abNi\u00f1os\u00bb).<\/p>\n<p>No recopilamos conscientemente informaci\u00f3n personal identificable de ninguna persona menor de 18 a\u00f1os. Si eres un padre o tutor y tienes conocimiento de que sus hijos nos han proporcionado datos personales, ponte en contacto con nosotros. Si tenemos conocimiento de que hemos recopilado Datos Personales de ni\u00f1os sin verificar el consentimiento de los padres, tomamos medidas para eliminar esa informaci\u00f3n de nuestros servidores.<\/p>\n<h2>CAMBIOS EN ESTA POL\u00cdTICA DE PRIVACIDAD<\/h2>\n<p>Podemos actualizar nuestra pol\u00edtica de privacidad de vez en cuando. Le notificaremos cualquier cambio publicando la nueva Pol\u00edtica de Privacidad en esta p\u00e1gina te lo comunicaremos por correo electr\u00f3nico y\/o mediante un aviso destacado en nuestro Servicio, antes de que el cambio entre en vigor, y actualizaremos la \u00abfecha de entrada en vigor\u00bb en la parte superior de esta Pol\u00edtica de Privacidad.<\/p>\n<p>Te aconsejamos que revises esta Pol\u00edtica de Privacidad peri\u00f3dicamente para conocer cualquier cambio. Los cambios en esta Pol\u00edtica de Privacidad entran en vigor cuando se publican en esta p\u00e1gina.<\/p>\n<h2>CONTACTA CON NOSOTROS<\/h2>\n<p>Si tienes alguna pregunta sobre esta Pol\u00edtica de Privacidad, ponte en contacto con nosotros<\/p>\n<ul>\n<li>Por correo electr\u00f3nico: itanova@easyprof.com<\/li>\n<li>Visitando esta p\u00e1gina en nuestro sitio web: www.easyprof.com<\/li>\n<\/ul>\n\t\t\t\t\t\t\t\t<\/div>\n\t\t\t\t<\/div>\n\t\t\t\t\t<\/div>\n\t\t<\/div>\n\t\t\t\t\t<\/div>\n\t\t<\/section>\n\t\t\t\t<\/div>\n\t\t","protected":false},"excerpt":{"rendered":"<p>Innovative Training Academy SAS (\u00abnosotros\u00bb o \u00abnuestro\u00bb) opera el sitio web www.easyprof.com (el \u00abServicio\u00bb). Esta p\u00e1gina te informa de nuestras pol\u00edticas relativas a la recopilaci\u00f3n, el uso y la divulgaci\u00f3n de datos personales cuando utilizas nuestro Servicio y las opciones que tiene asociadas a esos datos. Esta pol\u00edtica de privacidad de Innovative Training Academy SAS [&hellip;]<\/p>\n","protected":false},"author":88,"featured_media":0,"parent":0,"menu_order":0,"comment_status":"closed","ping_status":"closed","template":"popup-page.php","meta":{"ocean_post_layout":"","ocean_both_sidebars_style":"","ocean_both_sidebars_content_width":0,"ocean_both_sidebars_sidebars_width":0,"ocean_sidebar":"0","ocean_second_sidebar":"0","ocean_disable_margins":"enable","ocean_add_body_class":"","ocean_shortcode_before_top_bar":"","ocean_shortcode_after_top_bar":"","ocean_shortcode_before_header":"","ocean_shortcode_after_header":"","ocean_has_shortcode":"","ocean_shortcode_after_title":"","ocean_shortcode_before_footer_widgets":"","ocean_shortcode_after_footer_widgets":"","ocean_shortcode_before_footer_bottom":"","ocean_shortcode_after_footer_bottom":"","ocean_display_top_bar":"default","ocean_display_header":"default","ocean_header_style":"","ocean_center_header_left_menu":"0","ocean_custom_header_template":"0","ocean_custom_logo":0,"ocean_custom_retina_logo":0,"ocean_custom_logo_max_width":0,"ocean_custom_logo_tablet_max_width":0,"ocean_custom_logo_mobile_max_width":0,"ocean_custom_logo_max_height":0,"ocean_custom_logo_tablet_max_height":0,"ocean_custom_logo_mobile_max_height":0,"ocean_header_custom_menu":"0","ocean_menu_typo_font_family":"0","ocean_menu_typo_font_subset":"","ocean_menu_typo_font_size":0,"ocean_menu_typo_font_size_tablet":0,"ocean_menu_typo_font_size_mobile":0,"ocean_menu_typo_font_size_unit":"px","ocean_menu_typo_font_weight":"","ocean_menu_typo_font_weight_tablet":"","ocean_menu_typo_font_weight_mobile":"","ocean_menu_typo_transform":"","ocean_menu_typo_transform_tablet":"","ocean_menu_typo_transform_mobile":"","ocean_menu_typo_line_height":0,"ocean_menu_typo_line_height_tablet":0,"ocean_menu_typo_line_height_mobile":0,"ocean_menu_typo_line_height_unit":"","ocean_menu_typo_spacing":0,"ocean_menu_typo_spacing_tablet":0,"ocean_menu_typo_spacing_mobile":0,"ocean_menu_typo_spacing_unit":"","ocean_menu_link_color":"","ocean_menu_link_color_hover":"","ocean_menu_link_color_active":"","ocean_menu_link_background":"","ocean_menu_link_hover_background":"","ocean_menu_link_active_background":"","ocean_menu_social_links_bg":"","ocean_menu_social_hover_links_bg":"","ocean_menu_social_links_color":"","ocean_menu_social_hover_links_color":"","ocean_disable_title":"default","ocean_disable_heading":"default","ocean_post_title":"","ocean_post_subheading":"","ocean_post_title_style":"","ocean_post_title_background_color":"","ocean_post_title_background":0,"ocean_post_title_bg_image_position":"","ocean_post_title_bg_image_attachment":"","ocean_post_title_bg_image_repeat":"","ocean_post_title_bg_image_size":"","ocean_post_title_height":0,"ocean_post_title_bg_overlay":0.5,"ocean_post_title_bg_overlay_color":"","ocean_disable_breadcrumbs":"default","ocean_breadcrumbs_color":"","ocean_breadcrumbs_separator_color":"","ocean_breadcrumbs_links_color":"","ocean_breadcrumbs_links_hover_color":"","ocean_display_footer_widgets":"default","ocean_display_footer_bottom":"default","ocean_custom_footer_template":"0","footnotes":""},"class_list":["post-63280","page","type-page","status-publish","hentry","entry","owp-thumbs-layout-horizontal","owp-btn-normal","owp-tabs-layout-horizontal","has-no-thumbnails","has-product-nav"],"_links":{"self":[{"href":"https:\/\/sign.easyprof.com\/es\/wp-json\/wp\/v2\/pages\/63280","targetHints":{"allow":["GET"]}}],"collection":[{"href":"https:\/\/sign.easyprof.com\/es\/wp-json\/wp\/v2\/pages"}],"about":[{"href":"https:\/\/sign.easyprof.com\/es\/wp-json\/wp\/v2\/types\/page"}],"author":[{"embeddable":true,"href":"https:\/\/sign.easyprof.com\/es\/wp-json\/wp\/v2\/users\/88"}],"replies":[{"embeddable":true,"href":"https:\/\/sign.easyprof.com\/es\/wp-json\/wp\/v2\/comments?post=63280"}],"version-history":[{"count":0,"href":"https:\/\/sign.easyprof.com\/es\/wp-json\/wp\/v2\/pages\/63280\/revisions"}],"wp:attachment":[{"href":"https:\/\/sign.easyprof.com\/es\/wp-json\/wp\/v2\/media?parent=63280"}],"curies":[{"name":"wp","href":"https:\/\/api.w.org\/{rel}","templated":true}]}}