{"id":67673,"date":"2023-02-16T01:13:39","date_gmt":"2023-02-16T00:13:39","guid":{"rendered":"https:\/\/easyprof.com\/informacion-legal\/"},"modified":"2023-02-20T10:51:51","modified_gmt":"2023-02-20T09:51:51","slug":"informacion-legal","status":"publish","type":"page","link":"https:\/\/sign.easyprof.com\/es\/informacion-legal\/","title":{"rendered":"Informaci\u00f3n legal"},"content":{"rendered":"\t\t<div data-elementor-type=\"wp-page\" data-elementor-id=\"67673\" class=\"elementor elementor-67673 elementor-67650\" data-elementor-post-type=\"page\">\n\t\t\t\t\t\t<section class=\"elementor-section elementor-top-section elementor-element elementor-element-cf0ae63 elementor-section-boxed elementor-section-height-default elementor-section-height-default\" data-id=\"cf0ae63\" data-element_type=\"section\">\n\t\t\t\t\t\t<div class=\"elementor-container elementor-column-gap-default\">\n\t\t\t\t\t<div class=\"elementor-column elementor-col-100 elementor-top-column elementor-element elementor-element-80cbb77\" data-id=\"80cbb77\" data-element_type=\"column\">\n\t\t\t<div class=\"elementor-widget-wrap elementor-element-populated\">\n\t\t\t\t\t\t<div class=\"elementor-element elementor-element-525ff03 elementor-widget elementor-widget-heading\" data-id=\"525ff03\" data-element_type=\"widget\" data-widget_type=\"heading.default\">\n\t\t\t\t<div class=\"elementor-widget-container\">\n\t\t\t\t\t<h2 class=\"elementor-heading-title elementor-size-default\">1 \u2013 Edici\u00f3n del sitio<\/h2>\t\t\t\t<\/div>\n\t\t\t\t<\/div>\n\t\t\t\t<div class=\"elementor-element elementor-element-0bd06fb elementor-widget elementor-widget-text-editor\" data-id=\"0bd06fb\" data-element_type=\"widget\" data-widget_type=\"text-editor.default\">\n\t\t\t\t<div class=\"elementor-widget-container\">\n\t\t\t\t\t\t\t\t\t<p>En virtud del art\u00edculo 6 de la Ley N\u00b0 2004-575, de 21 de junio de 2004, sobre la confianza en la econom\u00eda digital, se informa a los usuarios del sitio web easyprof.com sobre la identidad de los distintos actores en el contexto de su implementaci\u00f3n y su seguimiento:<\/p>\n<p>Titular del sitio: ACADEMIA DE FORMACI\u00d3N INNOVADORA<br \/>\nContacto: sales@easyprof.com<br \/>\nDirecci\u00f3n: 10 RUE DE LABORDE 75008 PARIS<\/p>\n<p>Identificaci\u00f3n de la empresa: INNOVATIVE TRAINING ACADEMY \u2013 Direcci\u00f3n: 10 RUE DE LABORDE 75008 PARIS, registrada bajo el n\u00famero SIRET 80165121700037 con c\u00f3digo APE: 5829C y de la cual la Sra. MARIE-CHRISTINE JENE es representante legal con correo electr\u00f3nico de contacto:<br \/>\nsales@easyprof.com<\/p>\n<p>Directora de publicaci\u00f3n: MARIE-CHRISTINE JENE \u2013 Contacto: sales@easyprof.com<\/p>\n<p>Realizaci\u00f3n del sitio: El sitio web easyprof.com es una producci\u00f3n de INNOVATIVE TRAINING ACADEMY<\/p>\n<p>Anfitri\u00f3n: 10dencehispahard<\/p>\n<p>Raz\u00f3n Social: 10dencehispahard SL<br \/>\nCIF: B62844725<br \/>\nTel\u00e9fono: 935677577<br \/>\nOtros tel\u00e9fonos: 937653268, 937611042, 937619401<br \/>\nDirecci\u00f3n social: Calle Girona, 81 \u2013 83 LOCAL 6, Malgrat de Mar, 08380, Barcelona<br \/>\nCorreo electr\u00f3nico: info@cdmon.com<br \/>\nWeb: www.cdmon.com<br \/>\nObjeto Social: Proveedor de servicios inform\u00e1ticos. registro de dominios y alojamientos web<br \/>\nFax: 937614977<br \/>\nForma jur\u00eddica: Sociedad limitada<br \/>\nActividad: Otras actividades relacionadas con la inform\u00e1tica<br \/>\nActividad CNAE: 6209 \u2013 Otros servicios relacionados con las tecnolog\u00edas de la informaci\u00f3n y la inform\u00e1tica<br \/>\nDelegado de Protecci\u00f3n de Datos: MARIE-CHRISTINE JENE \u2013 Contacto: sales@easyprof.com<\/p>\n\t\t\t\t\t\t\t\t<\/div>\n\t\t\t\t<\/div>\n\t\t\t\t\t<\/div>\n\t\t<\/div>\n\t\t\t\t\t<\/div>\n\t\t<\/section>\n\t\t\t\t<section class=\"elementor-section elementor-top-section elementor-element elementor-element-d1494dc elementor-section-boxed elementor-section-height-default elementor-section-height-default\" data-id=\"d1494dc\" data-element_type=\"section\">\n\t\t\t\t\t\t<div class=\"elementor-container elementor-column-gap-default\">\n\t\t\t\t\t<div class=\"elementor-column elementor-col-100 elementor-top-column elementor-element elementor-element-b2597d6\" data-id=\"b2597d6\" data-element_type=\"column\">\n\t\t\t<div class=\"elementor-widget-wrap elementor-element-populated\">\n\t\t\t\t\t\t<div class=\"elementor-element elementor-element-d6279b6 elementor-widget elementor-widget-heading\" data-id=\"d6279b6\" data-element_type=\"widget\" data-widget_type=\"heading.default\">\n\t\t\t\t<div class=\"elementor-widget-container\">\n\t\t\t\t\t<h2 class=\"elementor-heading-title elementor-size-default\">2 \u2013 Propiedad intelectual y falsificaciones.<\/h2>\t\t\t\t<\/div>\n\t\t\t\t<\/div>\n\t\t\t\t<div class=\"elementor-element elementor-element-1ade86f elementor-widget elementor-widget-text-editor\" data-id=\"1ade86f\" data-element_type=\"widget\" data-widget_type=\"text-editor.default\">\n\t\t\t\t<div class=\"elementor-widget-container\">\n\t\t\t\t\t\t\t\t\t<p>MARIE-CHRISTINE JENE es titular de los derechos de propiedad intelectual y ostenta los derechos de uso sobre todos los elementos accesibles en el sitio web, en especial los textos, im\u00e1genes, gr\u00e1ficos, logos, videos, arquitectura, iconos y sonidos.<\/p>\n<p>Cualquier reproducci\u00f3n, representaci\u00f3n, modificaci\u00f3n, publicaci\u00f3n, adaptaci\u00f3n de todo o parte de los elementos del sitio, cualquiera que sea el medio o el proceso utilizado, est\u00e1 prohibida, excepto con la autorizaci\u00f3n previa por escrito de MARIE-CHRISTINE JENE.<\/p>\n<p>Cualquier uso no autorizado del sitio o de uno de los elementos que contiene se considerar\u00e1 constitutivo de una infracci\u00f3n y ser\u00e1 perseguido de conformidad con lo dispuesto en los art\u00edculos L.335-2 y siguientes del C\u00f3digo de la Propiedad Intelectual.<\/p>\n\t\t\t\t\t\t\t\t<\/div>\n\t\t\t\t<\/div>\n\t\t\t\t\t<\/div>\n\t\t<\/div>\n\t\t\t\t\t<\/div>\n\t\t<\/section>\n\t\t\t\t<section class=\"elementor-section elementor-top-section elementor-element elementor-element-3e44a87 elementor-section-boxed elementor-section-height-default elementor-section-height-default\" data-id=\"3e44a87\" data-element_type=\"section\">\n\t\t\t\t\t\t<div class=\"elementor-container elementor-column-gap-default\">\n\t\t\t\t\t<div class=\"elementor-column elementor-col-100 elementor-top-column elementor-element elementor-element-cadbb3d\" data-id=\"cadbb3d\" data-element_type=\"column\">\n\t\t\t<div class=\"elementor-widget-wrap elementor-element-populated\">\n\t\t\t\t\t\t<div class=\"elementor-element elementor-element-0e5aabf elementor-widget elementor-widget-heading\" data-id=\"0e5aabf\" data-element_type=\"widget\" data-widget_type=\"heading.default\">\n\t\t\t\t<div class=\"elementor-widget-container\">\n\t\t\t\t\t<h2 class=\"elementor-heading-title elementor-size-default\">3 \u2013 Limitaci\u00f3n de responsabilidad.<\/h2>\t\t\t\t<\/div>\n\t\t\t\t<\/div>\n\t\t\t\t<div class=\"elementor-element elementor-element-e6954e4 elementor-widget elementor-widget-text-editor\" data-id=\"e6954e4\" data-element_type=\"widget\" data-widget_type=\"text-editor.default\">\n\t\t\t\t<div class=\"elementor-widget-container\">\n\t\t\t\t\t\t\t\t\t<p>MARIE-CHRISTINE JENE no se hace responsable de los da\u00f1os directos o indirectos causados \u200b\u200bal equipo del usuario al acceder al sitio easyprof.com.<\/p>\n<p>MARIE-CHRISTINE JENE declina toda responsabilidad por el uso que pueda hacerse de la informaci\u00f3n y contenidos presentes en easyprof.com.<\/p>\n<p>MARIE-CHRISTINE JENE se compromete a hacer que el sitio easyprof.com sea lo m\u00e1s seguro posible, sin embargo, su responsabilidad no puede cuestionarse si se importan e instalan datos no deseados en su sitio sin su conocimiento.<\/p>\n<p>Los espacios interactivos (espacio de contacto o comentarios) est\u00e1n a disposici\u00f3n de los usuarios. MARIE-CHRISTINE JENE se reserva el derecho de eliminar, sin previo aviso, cualquier contenido publicado en este espacio que contravenga la legislaci\u00f3n aplicable en Francia, en particular las disposiciones relativas a la protecci\u00f3n de datos.<\/p>\n<p>En su caso, MARIE-CHRISTINE JENE tambi\u00e9n se reserva el derecho a cuestionar la responsabilidad civil y\/o penal del usuario, en particular en caso de mensaje racista, abusivo, difamatorio o pornogr\u00e1fico, cualquiera que sea el medio utilizado (texto, fotograf\u00eda, etc.).<\/p>\n\t\t\t\t\t\t\t\t<\/div>\n\t\t\t\t<\/div>\n\t\t\t\t\t<\/div>\n\t\t<\/div>\n\t\t\t\t\t<\/div>\n\t\t<\/section>\n\t\t\t\t<section class=\"elementor-section elementor-top-section elementor-element elementor-element-bb3b594 elementor-section-boxed elementor-section-height-default elementor-section-height-default\" data-id=\"bb3b594\" data-element_type=\"section\">\n\t\t\t\t\t\t<div class=\"elementor-container elementor-column-gap-default\">\n\t\t\t\t\t<div class=\"elementor-column elementor-col-100 elementor-top-column elementor-element elementor-element-3981321\" data-id=\"3981321\" data-element_type=\"column\">\n\t\t\t<div class=\"elementor-widget-wrap elementor-element-populated\">\n\t\t\t\t\t\t<div class=\"elementor-element elementor-element-0f4cc51 elementor-widget elementor-widget-heading\" data-id=\"0f4cc51\" data-element_type=\"widget\" data-widget_type=\"heading.default\">\n\t\t\t\t<div class=\"elementor-widget-container\">\n\t\t\t\t\t<h2 class=\"elementor-heading-title elementor-size-default\">4 \u2013 CNIL y gesti\u00f3n de datos personales.<\/h2>\t\t\t\t<\/div>\n\t\t\t\t<\/div>\n\t\t\t\t<div class=\"elementor-element elementor-element-8a296b7 elementor-widget elementor-widget-text-editor\" data-id=\"8a296b7\" data-element_type=\"widget\" data-widget_type=\"text-editor.default\">\n\t\t\t\t<div class=\"elementor-widget-container\">\n\t\t\t\t\t\t\t\t\t<p>De conformidad con las disposiciones de la ley 78-17 del 6 de enero de 1978 y sus modificaciones, el usuario del sitio easyprof.com tiene derecho a acceder, modificar y eliminar la informaci\u00f3n recopilada. Para ejercer este derecho, env\u00ede un mensaje a nuestro Delegado de Protecci\u00f3n de Datos:<\/p>\n<p>MARIE-CHRISTINE JENE \u2013 sales@easyprof.com<\/p>\n<p>Para obtener m\u00e1s informaci\u00f3n sobre c\u00f3mo procesamos sus datos (tipo de datos, prop\u00f3sito, destinatario, etc.), lea nuestro https:\/\/easyprof.com\/es\/politica-de-privacidad\/.<\/p>\n\t\t\t\t\t\t\t\t<\/div>\n\t\t\t\t<\/div>\n\t\t\t\t\t<\/div>\n\t\t<\/div>\n\t\t\t\t\t<\/div>\n\t\t<\/section>\n\t\t\t\t<section class=\"elementor-section elementor-top-section elementor-element elementor-element-533d9db elementor-section-boxed elementor-section-height-default elementor-section-height-default\" data-id=\"533d9db\" data-element_type=\"section\">\n\t\t\t\t\t\t<div class=\"elementor-container elementor-column-gap-default\">\n\t\t\t\t\t<div class=\"elementor-column elementor-col-100 elementor-top-column elementor-element elementor-element-506f120\" data-id=\"506f120\" data-element_type=\"column\">\n\t\t\t<div class=\"elementor-widget-wrap elementor-element-populated\">\n\t\t\t\t\t\t<div class=\"elementor-element elementor-element-eba27bd elementor-widget elementor-widget-heading\" data-id=\"eba27bd\" data-element_type=\"widget\" data-widget_type=\"heading.default\">\n\t\t\t\t<div class=\"elementor-widget-container\">\n\t\t\t\t\t<h2 class=\"elementor-heading-title elementor-size-default\">5 \u2013 Enlaces de hipertexto y cookies.<\/h2>\t\t\t\t<\/div>\n\t\t\t\t<\/div>\n\t\t\t\t<div class=\"elementor-element elementor-element-13bebf5 elementor-widget elementor-widget-text-editor\" data-id=\"13bebf5\" data-element_type=\"widget\" data-widget_type=\"text-editor.default\">\n\t\t\t\t<div class=\"elementor-widget-container\">\n\t\t\t\t\t\t\t\t\t<p>El sitio easyprof.com contiene enlaces de hipertexto a otros sitios y se exime de toda responsabilidad con respecto a estos enlaces externos o enlaces creados por otros sitios a easyprof.com.<\/p>\n<p>Es probable que la navegaci\u00f3n por el sitio easyprof.com provoque la instalaci\u00f3n de cookies en el ordenador del usuario.<\/p>\n<p>Una \u201ccookie\u201d es un peque\u00f1o archivo que registra informaci\u00f3n relativa a la navegaci\u00f3n de un usuario en un sitio. Los datos as\u00ed obtenidos permiten obtener medidas de asistencia, por ejemplo.<\/p>\n<p>Tiene la posibilidad de aceptar o rechazar las cookies modificando los par\u00e1metros de su navegador o accediendo a la p\u00e1gina https:\/\/easyprof.com\/es\/politica-de-privacidad\/\u00a0para obtener m\u00e1s informaci\u00f3n. No se colocar\u00e1n cookies sin su consentimiento.<\/p>\n<p>Para obtener m\u00e1s informaci\u00f3n sobre c\u00f3mo usamos las cookies, lea nuestra https:\/\/easyprof.com\/es\/politica-de-privacidad\/.<\/p>\n\t\t\t\t\t\t\t\t<\/div>\n\t\t\t\t<\/div>\n\t\t\t\t\t<\/div>\n\t\t<\/div>\n\t\t\t\t\t<\/div>\n\t\t<\/section>\n\t\t\t\t<section class=\"elementor-section elementor-top-section elementor-element elementor-element-e488fb1 elementor-section-boxed elementor-section-height-default elementor-section-height-default\" data-id=\"e488fb1\" data-element_type=\"section\">\n\t\t\t\t\t\t<div class=\"elementor-container elementor-column-gap-default\">\n\t\t\t\t\t<div class=\"elementor-column elementor-col-100 elementor-top-column elementor-element elementor-element-d85ea88\" data-id=\"d85ea88\" data-element_type=\"column\">\n\t\t\t<div class=\"elementor-widget-wrap elementor-element-populated\">\n\t\t\t\t\t\t<div class=\"elementor-element elementor-element-3cbfc60 elementor-widget elementor-widget-heading\" data-id=\"3cbfc60\" data-element_type=\"widget\" data-widget_type=\"heading.default\">\n\t\t\t\t<div class=\"elementor-widget-container\">\n\t\t\t\t\t<h2 class=\"elementor-heading-title elementor-size-default\">6 \u2013 Ley aplicable y atribuci\u00f3n de jurisdicci\u00f3n.<\/h2>\t\t\t\t<\/div>\n\t\t\t\t<\/div>\n\t\t\t\t<div class=\"elementor-element elementor-element-b4067ca elementor-widget elementor-widget-text-editor\" data-id=\"b4067ca\" data-element_type=\"widget\" data-widget_type=\"text-editor.default\">\n\t\t\t\t<div class=\"elementor-widget-container\">\n\t\t\t\t\t\t\t\t\t<p>Cualquier disputa relacionada con el uso del sitio easyprof.com est\u00e1 sujeta a la ley francesa. Salvo en los casos en que la ley no lo permita, la jurisdicci\u00f3n exclusiva corresponde a los tribunales competentes de Par\u00eds.<\/p>\n<p>Para obtener m\u00e1s informaci\u00f3n sobre c\u00f3mo usamos, almacenamos y mantenemos seguros sus datos personales, as\u00ed como informaci\u00f3n sobre las cookies, consulte nuestra Pol\u00edtica de privacidad.<\/p>\n\t\t\t\t\t\t\t\t<\/div>\n\t\t\t\t<\/div>\n\t\t\t\t\t<\/div>\n\t\t<\/div>\n\t\t\t\t\t<\/div>\n\t\t<\/section>\n\t\t\t\t<\/div>\n\t\t","protected":false},"excerpt":{"rendered":"<p>1 \u2013 Edici\u00f3n del sitio En virtud del art\u00edculo 6 de la Ley N\u00b0 2004-575, de 21 de junio de 2004, sobre la confianza en la econom\u00eda digital, se informa a los usuarios del sitio web easyprof.com sobre la identidad de los distintos actores en el contexto de su implementaci\u00f3n y su seguimiento: Titular del [&hellip;]<\/p>\n","protected":false},"author":88,"featured_media":67680,"parent":0,"menu_order":0,"comment_status":"closed","ping_status":"closed","template":"popup-page.php","meta":{"ocean_post_layout":"","ocean_both_sidebars_style":"","ocean_both_sidebars_content_width":0,"ocean_both_sidebars_sidebars_width":0,"ocean_sidebar":"0","ocean_second_sidebar":"0","ocean_disable_margins":"enable","ocean_add_body_class":"","ocean_shortcode_before_top_bar":"","ocean_shortcode_after_top_bar":"","ocean_shortcode_before_header":"","ocean_shortcode_after_header":"","ocean_has_shortcode":"","ocean_shortcode_after_title":"","ocean_shortcode_before_footer_widgets":"","ocean_shortcode_after_footer_widgets":"","ocean_shortcode_before_footer_bottom":"","ocean_shortcode_after_footer_bottom":"","ocean_display_top_bar":"default","ocean_display_header":"default","ocean_header_style":"","ocean_center_header_left_menu":"0","ocean_custom_header_template":"0","ocean_custom_logo":0,"ocean_custom_retina_logo":0,"ocean_custom_logo_max_width":0,"ocean_custom_logo_tablet_max_width":0,"ocean_custom_logo_mobile_max_width":0,"ocean_custom_logo_max_height":0,"ocean_custom_logo_tablet_max_height":0,"ocean_custom_logo_mobile_max_height":0,"ocean_header_custom_menu":"0","ocean_menu_typo_font_family":"0","ocean_menu_typo_font_subset":"","ocean_menu_typo_font_size":0,"ocean_menu_typo_font_size_tablet":0,"ocean_menu_typo_font_size_mobile":0,"ocean_menu_typo_font_size_unit":"px","ocean_menu_typo_font_weight":"","ocean_menu_typo_font_weight_tablet":"","ocean_menu_typo_font_weight_mobile":"","ocean_menu_typo_transform":"","ocean_menu_typo_transform_tablet":"","ocean_menu_typo_transform_mobile":"","ocean_menu_typo_line_height":0,"ocean_menu_typo_line_height_tablet":0,"ocean_menu_typo_line_height_mobile":0,"ocean_menu_typo_line_height_unit":"","ocean_menu_typo_spacing":0,"ocean_menu_typo_spacing_tablet":0,"ocean_menu_typo_spacing_mobile":0,"ocean_menu_typo_spacing_unit":"","ocean_menu_link_color":"","ocean_menu_link_color_hover":"","ocean_menu_link_color_active":"","ocean_menu_link_background":"","ocean_menu_link_hover_background":"","ocean_menu_link_active_background":"","ocean_menu_social_links_bg":"","ocean_menu_social_hover_links_bg":"","ocean_menu_social_links_color":"","ocean_menu_social_hover_links_color":"","ocean_disable_title":"default","ocean_disable_heading":"default","ocean_post_title":"","ocean_post_subheading":"","ocean_post_title_style":"","ocean_post_title_background_color":"","ocean_post_title_background":0,"ocean_post_title_bg_image_position":"","ocean_post_title_bg_image_attachment":"","ocean_post_title_bg_image_repeat":"","ocean_post_title_bg_image_size":"","ocean_post_title_height":0,"ocean_post_title_bg_overlay":0.5,"ocean_post_title_bg_overlay_color":"","ocean_disable_breadcrumbs":"default","ocean_breadcrumbs_color":"","ocean_breadcrumbs_separator_color":"","ocean_breadcrumbs_links_color":"","ocean_breadcrumbs_links_hover_color":"","ocean_display_footer_widgets":"default","ocean_display_footer_bottom":"default","ocean_custom_footer_template":"0","footnotes":""},"class_list":["post-67673","page","type-page","status-publish","has-post-thumbnail","hentry","entry","has-media","owp-thumbs-layout-horizontal","owp-btn-normal","owp-tabs-layout-horizontal","has-no-thumbnails","has-product-nav"],"_links":{"self":[{"href":"https:\/\/sign.easyprof.com\/es\/wp-json\/wp\/v2\/pages\/67673","targetHints":{"allow":["GET"]}}],"collection":[{"href":"https:\/\/sign.easyprof.com\/es\/wp-json\/wp\/v2\/pages"}],"about":[{"href":"https:\/\/sign.easyprof.com\/es\/wp-json\/wp\/v2\/types\/page"}],"author":[{"embeddable":true,"href":"https:\/\/sign.easyprof.com\/es\/wp-json\/wp\/v2\/users\/88"}],"replies":[{"embeddable":true,"href":"https:\/\/sign.easyprof.com\/es\/wp-json\/wp\/v2\/comments?post=67673"}],"version-history":[{"count":6,"href":"https:\/\/sign.easyprof.com\/es\/wp-json\/wp\/v2\/pages\/67673\/revisions"}],"predecessor-version":[{"id":67717,"href":"https:\/\/sign.easyprof.com\/es\/wp-json\/wp\/v2\/pages\/67673\/revisions\/67717"}],"wp:featuredmedia":[{"embeddable":true,"href":"https:\/\/sign.easyprof.com\/es\/wp-json\/wp\/v2\/media\/67680"}],"wp:attachment":[{"href":"https:\/\/sign.easyprof.com\/es\/wp-json\/wp\/v2\/media?parent=67673"}],"curies":[{"name":"wp","href":"https:\/\/api.w.org\/{rel}","templated":true}]}}