{"id":63287,"date":"2021-09-07T14:58:05","date_gmt":"2021-09-07T13:58:05","guid":{"rendered":"https:\/\/dev.easyprof.com\/politique-de-confidentialite\/"},"modified":"2023-02-16T01:29:43","modified_gmt":"2023-02-16T00:29:43","slug":"politique-de-confidentialite","status":"publish","type":"page","link":"https:\/\/sign.easyprof.com\/fr\/politique-de-confidentialite\/","title":{"rendered":"Politique de confidentialit\u00e9"},"content":{"rendered":"\t\t<div data-elementor-type=\"wp-page\" data-elementor-id=\"63287\" class=\"elementor elementor-63287 elementor-63074\" data-elementor-post-type=\"page\">\n\t\t\t\t\t\t<section class=\"elementor-section elementor-top-section elementor-element elementor-element-8fea381 elementor-section-boxed elementor-section-height-default elementor-section-height-default\" data-id=\"8fea381\" data-element_type=\"section\">\n\t\t\t\t\t\t<div class=\"elementor-container elementor-column-gap-default\">\n\t\t\t\t\t<div class=\"elementor-column elementor-col-100 elementor-top-column elementor-element elementor-element-123bb836\" data-id=\"123bb836\" data-element_type=\"column\">\n\t\t\t<div class=\"elementor-widget-wrap elementor-element-populated\">\n\t\t\t\t\t\t<div class=\"elementor-element elementor-element-2195376f elementor-widget elementor-widget-text-editor\" data-id=\"2195376f\" data-element_type=\"widget\" data-widget_type=\"text-editor.default\">\n\t\t\t\t<div class=\"elementor-widget-container\">\n\t\t\t\t\t\t\t\t\t<p>Innovative Training Academy SAS (\u00ab\u00a0nous\u00a0\u00bb, \u00ab\u00a0notre\u00a0\u00bb ou \u00ab\u00a0nos\u00a0\u00bb) exploite le site web www.easyprof.com (le \u00ab\u00a0Service\u00a0\u00bb).<\/p>\n<p>Cette page vous informe de nos politiques concernant la collecte, l&rsquo;utilisation et la divulgation de donn\u00e9es personnelles lorsque vous utilisez notre Service et des choix que vous avez associ\u00e9s \u00e0 ces donn\u00e9es. Cette politique de confidentialit\u00e9 pour Innovative Training Academy SAS est aliment\u00e9e par FreePrivacyPolicy.com.<\/p>\n<p>Nous utilisons vos donn\u00e9es pour fournir et am\u00e9liorer le Service. En utilisant le Service, vous acceptez la collecte et l&rsquo;utilisation des informations conform\u00e9ment \u00e0 cette politique. Sauf d\u00e9finition contraire dans cette politique de confidentialit\u00e9, les termes utilis\u00e9s dans cette politique de confidentialit\u00e9 ont la m\u00eame signification que dans nos conditions g\u00e9n\u00e9rales, accessibles \u00e0 partir de www.easyprof.com.<\/p>\n<h2>COLLECTE ET UTILISATION DES INFORMATIONS<\/h2>\n<p>Nous recueillons plusieurs types d&rsquo;informations \u00e0 des fins diverses pour vous fournir et am\u00e9liorer notre service.<\/p>\n<h3>TYPES DE DONN\u00c9ES COLLECT\u00c9ES<\/h3>\n<h4>\nDONN\u00c9ES PERSONNELLES<\/h4>\n<p>Lors de l&rsquo;utilisation de notre Service, nous pouvons vous demander de nous fournir certaines informations personnellement identifiables qui peuvent \u00eatre utilis\u00e9es pour vous contacter ou vous identifier (\u00a0\u00bb Donn\u00e9es personnelles \u00ab\u00a0). Les informations personnellement identifiables peuvent inclure, mais ne sont pas limit\u00e9es \u00e0 :<\/p>\n<ul>\n<li>Adresse \u00e9lectronique<\/li>\n<li>Pr\u00e9nom et nom de famille<\/li>\n<li>Num\u00e9ro de t\u00e9l\u00e9phone<\/li>\n<li>Adresse, \u00e9tat, province, code postal, ville.<\/li>\n<li>Cookies et donn\u00e9es d&rsquo;utilisation<\/li>\n<\/ul>\n<h4>\nDONN\u00c9ES D&rsquo;UTILISATION<\/h4>\n<p>Nous pouvons \u00e9galement recueillir des informations sur la mani\u00e8re dont le service est consult\u00e9 et utilis\u00e9 (\u00ab\u00a0donn\u00e9es d&rsquo;utilisation\u00a0\u00bb). Ces donn\u00e9es d&rsquo;utilisation peuvent inclure des informations telles que l&rsquo;adresse de protocole Internet (par exemple, l&rsquo;adresse IP) de votre ordinateur, le type de navigateur, la version du navigateur, les pages de notre service que vous visitez, l&rsquo;heure et la date de votre visite, le temps pass\u00e9 sur ces pages, les identifiants uniques des appareils et d&rsquo;autres donn\u00e9es de diagnostic.<\/p>\n<h4>DONN\u00c9ES DE SUIVI ET COOKIES<\/h4>\n<p>Nous utilisons des cookies et des technologies de suivi similaires pour suivre l&rsquo;activit\u00e9 sur notre Service et conserver certaines informations.<\/p>\n<p>Les cookies sont des fichiers contenant une petite quantit\u00e9 de donn\u00e9es qui peuvent inclure un identifiant unique anonyme. Les cookies sont envoy\u00e9s \u00e0 votre navigateur depuis un site web et stock\u00e9s sur votre appareil. Les technologies de suivi \u00e9galement utilis\u00e9es sont les balises, les marqueurs et les scripts pour recueillir et suivre des informations et pour am\u00e9liorer et analyser notre service.<\/p>\n<p>Vous pouvez demander \u00e0 votre navigateur de refuser tous les cookies ou d&rsquo;indiquer quand un cookie est envoy\u00e9. Toutefois, si vous n&rsquo;acceptez pas les cookies, il se peut que vous ne puissiez pas utiliser certaines parties de notre Service.<\/p>\n<p>Exemples de cookies que nous utilisons :<\/p>\n<ul>\n<li><strong>Cookies de session<\/strong>. Nous utilisons des cookies de session pour faire fonctionner notre Service.<\/li>\n<li><strong>Cookies de pr\u00e9f\u00e9rence<\/strong>. Nous utilisons des Preference Cookies pour m\u00e9moriser vos pr\u00e9f\u00e9rences et divers param\u00e8tres.<\/li>\n<li><strong>Cookies de s\u00e9curit\u00e9<\/strong>. Nous utilisons des cookies de s\u00e9curit\u00e9 \u00e0 des fins de s\u00e9curit\u00e9.<\/li>\n<\/ul>\n<h2>\nUTILISATION DES DONN\u00c9ES<\/h2>\n<p>Innovative Training Academy SAS utilise les donn\u00e9es collect\u00e9es \u00e0 diverses fins :<\/p>\n<ul>\n<li>Pour fournir et maintenir le Service.<\/li>\n<li>Pour vous informer des modifications apport\u00e9es \u00e0 notre Service<\/li>\n<li>Pour vous permettre de participer \u00e0 des fonctions interactives de notre Service lorsque vous choisissez de le faire.<\/li>\n<li>Pour vous fournir un service et une assistance \u00e0 la client\u00e8le<\/li>\n<li>Pour vous fournir des analyses ou des informations pr\u00e9cieuses afin d&rsquo;am\u00e9liorer le service<\/li>\n<li>Pour surveiller l&rsquo;utilisation du service<br \/>\nd\u00e9tecter, pr\u00e9venir et r\u00e9soudre les probl\u00e8mes techniques.<\/li>\n<\/ul>\n<h2>\nTRANSFERT DE DONN\u00c9ES<\/h2>\n<p>Vos informations, y compris les Donn\u00e9es Personnelles, peuvent \u00eatre transf\u00e9r\u00e9es vers &#8211; et conserv\u00e9es sur &#8211; des ordinateurs situ\u00e9s en dehors de votre \u00e9tat, province, pays ou autre juridiction gouvernementale o\u00f9 les lois de protection des donn\u00e9es peuvent diff\u00e9rer de celles de votre juridiction.<\/p>\n<p>Si vous \u00eates situ\u00e9 en dehors de la France et que vous choisissez de nous fournir des informations, veuillez noter que nous transf\u00e9rons les donn\u00e9es, y compris les donn\u00e9es personnelles, en France et les traitons dans ce pays.<\/p>\n<p>Votre consentement \u00e0 la pr\u00e9sente politique de confidentialit\u00e9 suivi de votre soumission de ces informations repr\u00e9sente votre accord \u00e0 ce transfert.<\/p>\n<p>Innovative Training Academy SAS prendra toutes les mesures raisonnablement n\u00e9cessaires pour s&rsquo;assurer que vos donn\u00e9es sont trait\u00e9es en toute s\u00e9curit\u00e9 et conform\u00e9ment \u00e0 la pr\u00e9sente Politique de confidentialit\u00e9 et aucun transfert de vos Donn\u00e9es personnelles n&rsquo;aura lieu vers une organisation ou un pays \u00e0 moins qu&rsquo;il n&rsquo;y ait des contr\u00f4les ad\u00e9quats en place, y compris la s\u00e9curit\u00e9 de vos donn\u00e9es et autres informations personnelles.<\/p>\n<p>&nbsp;<\/p>\n<h2>DIVULGATION DES DONN\u00c9ES<\/h2>\n<h3>\nEXIGENCES L\u00c9GALES<\/h3>\n<p>Innovative Training Academy SAS peut divulguer vos donn\u00e9es personnelles en croyant de bonne foi qu&rsquo;une telle action est n\u00e9cessaire pour :<\/p>\n<ul>\n<li>Se conformer \u00e0 une obligation l\u00e9gale<\/li>\n<li>Prot\u00e9ger et d\u00e9fendre les droits ou la propri\u00e9t\u00e9 d&rsquo;Innovative Training Academy SAS<\/li>\n<li>Pr\u00e9venir ou enqu\u00eater sur d&rsquo;\u00e9ventuels actes r\u00e9pr\u00e9hensibles en rapport avec le service<\/li>\n<li>Prot\u00e9ger la s\u00e9curit\u00e9 personnelle des utilisateurs du service ou du public<\/li>\n<li>Pour se prot\u00e9ger contre toute responsabilit\u00e9 l\u00e9gale.<\/li>\n<\/ul>\n<h2>\nS\u00c9CURIT\u00c9 DES DONN\u00c9ES<\/h2>\n<p>La s\u00e9curit\u00e9 de vos donn\u00e9es est importante pour nous, mais n&rsquo;oubliez pas qu&rsquo;aucune m\u00e9thode de transmission sur Internet ou de stockage \u00e9lectronique n&rsquo;est s\u00fbre \u00e0 100%. Bien que nous nous efforcions d&rsquo;utiliser des moyens commercialement acceptables pour prot\u00e9ger vos donn\u00e9es personnelles, nous ne pouvons pas garantir leur s\u00e9curit\u00e9 absolue.<\/p>\n<p>&nbsp;<\/p>\n<h2>FOURNISSEURS DE SERVICES<\/h2>\n<p>Nous pouvons employer des soci\u00e9t\u00e9s et des personnes tierces pour faciliter notre Service (les \u00ab\u00a0Fournisseurs de services\u00a0\u00bb), pour fournir le Service en notre nom, pour ex\u00e9cuter des services li\u00e9s au Service ou pour nous aider \u00e0 analyser la fa\u00e7on dont notre Service est utilis\u00e9.<\/p>\n<p>Ces tiers n&rsquo;ont acc\u00e8s \u00e0 vos Donn\u00e9es personnelles que pour effectuer ces t\u00e2ches en notre nom et sont tenus de ne pas les divulguer ou les utiliser \u00e0 d&rsquo;autres fins.<\/p>\n<p>&nbsp;<\/p>\n<h3>ANALYTIQUE<\/h3>\n<p>Nous pouvons faire appel \u00e0 des fournisseurs de services tiers pour surveiller et analyser l&rsquo;utilisation de notre Service.<\/p>\n<ul>\n<li><strong>Google Analytics<\/strong> Google Analytics est un service d&rsquo;analyse Web propos\u00e9 par Google qui permet de suivre et de signaler le trafic sur les sites Web. Google utilise les donn\u00e9es collect\u00e9es pour suivre et contr\u00f4ler l&rsquo;utilisation de notre Service. Ces donn\u00e9es sont partag\u00e9es avec d&rsquo;autres services de Google. Google peut utiliser les donn\u00e9es collect\u00e9es pour contextualiser et personnaliser les annonces de son propre r\u00e9seau publicitaire. Vous pouvez d\u00e9sactiver la mise \u00e0 disposition de votre activit\u00e9 sur le Service \u00e0 Google Analytics en installant le module compl\u00e9mentaire de navigateur pour la d\u00e9sactivation de Google Analytics. Ce module compl\u00e9mentaire emp\u00eache le JavaScript de Google Analytics (ga.js, analytics.js et dc.js) de partager avec Google Analytics des informations sur l&rsquo;activit\u00e9 des visites.<br \/>\nPour plus d&rsquo;informations sur les pratiques de Google en mati\u00e8re de confidentialit\u00e9, veuillez consulter la page Web de Google consacr\u00e9e \u00e0 la confidentialit\u00e9 et aux conditions d&rsquo;utilisation : https:\/\/policies.google.com\/privacy?hl=en.<\/li>\n<\/ul>\n<p>&nbsp;<\/p>\n<h2>LIENS VERS D&rsquo;AUTRES SITES<\/h2>\n<p>Notre service peut contenir des liens vers d&rsquo;autres sites qui ne sont pas exploit\u00e9s par nous. Si vous cliquez sur un lien tiers, vous serez dirig\u00e9 vers le site de ce tiers. Nous vous conseillons vivement d&rsquo;examiner la politique de confidentialit\u00e9 de chaque site que vous visitez.<\/p>\n<p>Nous n&rsquo;avons aucun contr\u00f4le et n&rsquo;assumons aucune responsabilit\u00e9 quant au contenu, aux politiques de confidentialit\u00e9 ou aux pratiques de tout site ou service tiers.<\/p>\n<p>&nbsp;<\/p>\n<h2>CONFIDENTIALIT\u00c9 DES ENFANTS<\/h2>\n<p>Notre Service ne s&rsquo;adresse pas aux personnes \u00e2g\u00e9es de moins de 18 ans (\u00ab\u00a0Enfants\u00a0\u00bb).<\/p>\n<p>Nous ne collectons pas sciemment d&rsquo;informations personnellement identifiables aupr\u00e8s de personnes \u00e2g\u00e9es de moins de 18 ans. Si vous \u00eates un parent ou un tuteur et que vous savez que vos enfants nous ont fourni des donn\u00e9es personnelles, veuillez nous contacter. Si nous nous rendons compte que nous avons collect\u00e9 des donn\u00e9es personnelles aupr\u00e8s d&rsquo;enfants sans v\u00e9rification du consentement parental, nous prenons des mesures pour supprimer ces informations de nos serveurs.<\/p>\n<p>&nbsp;<\/p>\n<h2>MODIFICATIONS DE LA PR\u00c9SENTE POLITIQUE DE CONFIDENTIALIT\u00c9<\/h2>\n<p>Nous pouvons mettre \u00e0 jour notre politique de confidentialit\u00e9 de temps \u00e0 autre. Nous vous informerons de toute modification en publiant la nouvelle politique de confidentialit\u00e9 sur cette page.<\/p>\n<p>Nous vous en informerons par e-mail et\/ou par un avis bien visible sur notre Service, avant que la modification n&rsquo;entre en vigueur et nous mettrons \u00e0 jour la \u00ab\u00a0date d&rsquo;entr\u00e9e en vigueur\u00a0\u00bb en haut de la pr\u00e9sente Politique de confidentialit\u00e9.<\/p>\n<p>Nous vous conseillons de consulter r\u00e9guli\u00e8rement la pr\u00e9sente politique de confidentialit\u00e9 pour prendre connaissance des modifications \u00e9ventuelles. Les modifications apport\u00e9es \u00e0 la pr\u00e9sente politique de confidentialit\u00e9 entrent en vigueur lorsqu&rsquo;elles sont publi\u00e9es sur cette page.<\/p>\n<p>&nbsp;<\/p>\n<h2>NOUS CONTACTER<\/h2>\n<p>Si vous avez des questions concernant la pr\u00e9sente politique de confidentialit\u00e9, veuillez nous contacter :<\/p>\n<ul>\n<li>Par courrier \u00e9lectronique : itanova@easyprof.com<\/li>\n<li>En visitant cette page sur notre site web : www.easyprof.com<\/li>\n<\/ul>\n\t\t\t\t\t\t\t\t<\/div>\n\t\t\t\t<\/div>\n\t\t\t\t\t<\/div>\n\t\t<\/div>\n\t\t\t\t\t<\/div>\n\t\t<\/section>\n\t\t\t\t<\/div>\n\t\t","protected":false},"excerpt":{"rendered":"<p>Innovative Training Academy SAS (\u00ab\u00a0nous\u00a0\u00bb, \u00ab\u00a0notre\u00a0\u00bb ou \u00ab\u00a0nos\u00a0\u00bb) exploite le site web www.easyprof.com (le \u00ab\u00a0Service\u00a0\u00bb). Cette page vous informe de nos politiques concernant la collecte, l&rsquo;utilisation et la divulgation de donn\u00e9es personnelles lorsque vous utilisez notre Service et des choix que vous avez associ\u00e9s \u00e0 ces donn\u00e9es. Cette politique de confidentialit\u00e9 pour Innovative Training Academy [&hellip;]<\/p>\n","protected":false},"author":88,"featured_media":67678,"parent":0,"menu_order":0,"comment_status":"closed","ping_status":"closed","template":"popup-page.php","meta":{"ocean_post_layout":"","ocean_both_sidebars_style":"","ocean_both_sidebars_content_width":0,"ocean_both_sidebars_sidebars_width":0,"ocean_sidebar":"0","ocean_second_sidebar":"0","ocean_disable_margins":"enable","ocean_add_body_class":"","ocean_shortcode_before_top_bar":"","ocean_shortcode_after_top_bar":"","ocean_shortcode_before_header":"","ocean_shortcode_after_header":"","ocean_has_shortcode":"","ocean_shortcode_after_title":"","ocean_shortcode_before_footer_widgets":"","ocean_shortcode_after_footer_widgets":"","ocean_shortcode_before_footer_bottom":"","ocean_shortcode_after_footer_bottom":"","ocean_display_top_bar":"default","ocean_display_header":"default","ocean_header_style":"","ocean_center_header_left_menu":"0","ocean_custom_header_template":"0","ocean_custom_logo":0,"ocean_custom_retina_logo":0,"ocean_custom_logo_max_width":0,"ocean_custom_logo_tablet_max_width":0,"ocean_custom_logo_mobile_max_width":0,"ocean_custom_logo_max_height":0,"ocean_custom_logo_tablet_max_height":0,"ocean_custom_logo_mobile_max_height":0,"ocean_header_custom_menu":"0","ocean_menu_typo_font_family":"0","ocean_menu_typo_font_subset":"","ocean_menu_typo_font_size":0,"ocean_menu_typo_font_size_tablet":0,"ocean_menu_typo_font_size_mobile":0,"ocean_menu_typo_font_size_unit":"px","ocean_menu_typo_font_weight":"","ocean_menu_typo_font_weight_tablet":"","ocean_menu_typo_font_weight_mobile":"","ocean_menu_typo_transform":"","ocean_menu_typo_transform_tablet":"","ocean_menu_typo_transform_mobile":"","ocean_menu_typo_line_height":0,"ocean_menu_typo_line_height_tablet":0,"ocean_menu_typo_line_height_mobile":0,"ocean_menu_typo_line_height_unit":"","ocean_menu_typo_spacing":0,"ocean_menu_typo_spacing_tablet":0,"ocean_menu_typo_spacing_mobile":0,"ocean_menu_typo_spacing_unit":"","ocean_menu_link_color":"","ocean_menu_link_color_hover":"","ocean_menu_link_color_active":"","ocean_menu_link_background":"","ocean_menu_link_hover_background":"","ocean_menu_link_active_background":"","ocean_menu_social_links_bg":"","ocean_menu_social_hover_links_bg":"","ocean_menu_social_links_color":"","ocean_menu_social_hover_links_color":"","ocean_disable_title":"default","ocean_disable_heading":"default","ocean_post_title":"","ocean_post_subheading":"","ocean_post_title_style":"","ocean_post_title_background_color":"","ocean_post_title_background":0,"ocean_post_title_bg_image_position":"","ocean_post_title_bg_image_attachment":"","ocean_post_title_bg_image_repeat":"","ocean_post_title_bg_image_size":"","ocean_post_title_height":0,"ocean_post_title_bg_overlay":0.5,"ocean_post_title_bg_overlay_color":"","ocean_disable_breadcrumbs":"default","ocean_breadcrumbs_color":"","ocean_breadcrumbs_separator_color":"","ocean_breadcrumbs_links_color":"","ocean_breadcrumbs_links_hover_color":"","ocean_display_footer_widgets":"default","ocean_display_footer_bottom":"default","ocean_custom_footer_template":"0","footnotes":""},"class_list":["post-63287","page","type-page","status-publish","has-post-thumbnail","hentry","entry","has-media","owp-thumbs-layout-horizontal","owp-btn-normal","owp-tabs-layout-horizontal","has-no-thumbnails","has-product-nav"],"_links":{"self":[{"href":"https:\/\/sign.easyprof.com\/fr\/wp-json\/wp\/v2\/pages\/63287","targetHints":{"allow":["GET"]}}],"collection":[{"href":"https:\/\/sign.easyprof.com\/fr\/wp-json\/wp\/v2\/pages"}],"about":[{"href":"https:\/\/sign.easyprof.com\/fr\/wp-json\/wp\/v2\/types\/page"}],"author":[{"embeddable":true,"href":"https:\/\/sign.easyprof.com\/fr\/wp-json\/wp\/v2\/users\/88"}],"replies":[{"embeddable":true,"href":"https:\/\/sign.easyprof.com\/fr\/wp-json\/wp\/v2\/comments?post=63287"}],"version-history":[{"count":1,"href":"https:\/\/sign.easyprof.com\/fr\/wp-json\/wp\/v2\/pages\/63287\/revisions"}],"predecessor-version":[{"id":67685,"href":"https:\/\/sign.easyprof.com\/fr\/wp-json\/wp\/v2\/pages\/63287\/revisions\/67685"}],"wp:featuredmedia":[{"embeddable":true,"href":"https:\/\/sign.easyprof.com\/fr\/wp-json\/wp\/v2\/media\/67678"}],"wp:attachment":[{"href":"https:\/\/sign.easyprof.com\/fr\/wp-json\/wp\/v2\/media?parent=63287"}],"curies":[{"name":"wp","href":"https:\/\/api.w.org\/{rel}","templated":true}]}}